{"id":11,"date":"2013-01-31T22:40:39","date_gmt":"2013-01-31T21:40:39","guid":{"rendered":"http:\/\/dimena.pl\/?page_id=11"},"modified":"2013-02-12T18:27:34","modified_gmt":"2013-02-12T17:27:34","slug":"okolica","status":"publish","type":"page","link":"https:\/\/dimena.pl\/?page_id=11","title":{"rendered":"Okolica"},"content":{"rendered":"<p style=\"text-align: justify;\">SIANO\u017b\u0118TY wraz z USTRONIEM MORSKIM to jedne z pi\u0119kniejszych miejscowo\u015bci uzdrowiskowych p\u00f3\u0142nocnej Polski. Oddalone o oko\u0142o 15 km od Ko\u0142obrzegu i 29 km od Koszalina oferuj\u0105 spok\u00f3j i odpoczynek od miejskiego zgie\u0142ku. Tury\u015bci przyje\u017cd\u017caj\u0105 tu przez ca\u0142y rok, aby podziwia\u0107 wyj\u0105tkowe krajobrazy, ws\u0142uchiwa\u0107 si\u0119 w szum morza i oddycha\u0107 powietrzem bogatym w biopierwiastki i jod ( wykazuj\u0105cym lecznicze w\u0142a\u015bciwo\u015bci w terapii g\u00f3rnych dr\u00f3g oddechowych. Najkorzystniejsze warunki do inhalacji wyst\u0119puj\u0105 na pla\u017cy podczas bryzy morskiej i sztorm\u00f3w). Jesie\u0144 jest wi\u0119c idealnym czasem dla os\u00f3b pragn\u0105cych zadba\u0107 o swoje zdrowie, sprzyja\u0107 b\u0119dzie m.in w\u0142a\u015bnie wysoka zawarto\u015b\u0107 jodu w powietrzu.<\/p>\n<p style=\"text-align: justify;\">Na spacer mo\u017cemy uda\u0107 si\u0119 pieszo, lub rowerem (o ile nie zabrali\u015bmy swojego, mo\u017cemy wypo\u017cyczy\u0107 go w jednej z wypo\u017cyczalni), od Ustronia Morskiego do samego Ko\u0142obrzegu ci\u0105gnie si\u0119 nad morzem pi\u0119knie usytuowana po\u015br\u00f3d las\u00f3w i wydm, \u015bcie\u017ck\u0105 rowerow\u0105. Zbaczaj\u0105c ze \u015bcie\u017cki rowerowej w Bagiczu, zag\u0142\u0119biaj\u0105c si\u0119 w Lesie Ko\u0142obrzeskim pod\u0105\u017caj\u0105c b\u0142\u0119kitnym szlakiem turystycznym, dotrzemy do najprawdopodobniej najstarszego drzewa w Polsce, 800 letniego d\u0119bu Boles\u0142aw (starszy o 130 lat od s\u0142ynnego Bartka), nieopodal Boles\u0142awa ro\u015bnie &#8222;m\u0142odszy&#8221; o 160 lat d\u0105b Warcis\u0142aw.<\/p>\n<p style=\"text-align: justify;\">Wracaj\u0105c na \u015bcie\u017ck\u0119 rowerow\u0105 docieramy do lotniska w Bagiczu, na kt\u00f3rym odbywaj\u0105 si\u0119 loty turystyczno &#8211; widokowe samolotem, motolotni\u0105 oraz skoki spadochronowe. Lotnisko w Bagiczu jest tak\u017ce miejscem widowiskowych i emocjonuj\u0105cych imprez sportowo &#8211; rekreacyjnych. Odbywaj\u0105 si\u0119 tu m.in. Motolotniowe Mistrzostwa Polski o Puchar Ba\u0142tyku oraz wiele imprez rozrywkowych z udzia\u0142em najwi\u0119kszych gwiazd muzyki polskiej.<\/p>\n<p style=\"text-align: justify;\">Dla zapalonych w\u0119dkarzy, z Ko\u0142obrzegu organizowane s\u0105 wyprawy morskie na dorsza, i zapewniamy \u017ce fachowa za\u0142oga i posiadany sprz\u0119t nie pozwol\u0105 wr\u00f3ci\u0107 z wyprawy &#8222;o kiju&#8221;, mi\u0142a i serdeczna atmosfera podczas tych rejs\u00f3w sprawi \u017ce ca\u0142odzienny rej zanim si\u0119 obejrzymy ju\u017c si\u0119 zako\u0144czy, pozostawiaj\u0105c niezatarte wra\u017cenia.<\/p>\n<p style=\"text-align: justify;\">G\u0105ski, to miejscowo\u015b\u0107 oddalona od Ustronia Morskiego o 8km w kierunku przeciwnym do Ko\u0142obrzegu, bardzo polecamy odwiedzenie jednej z wy\u017cszych latarni morskich naszego wybrze\u017ca, jest ona udost\u0119pniona do zwiedzania przez turyst\u00f3w.<\/p>\n<p style=\"text-align: justify;\">W sezonie letnim w malowniczo po\u0142o\u017conym amfiteatrze odbywaj\u0105 si\u0119 niemal codziennie atrakcyjne imprezy kulturalno-rozrywkowe.<\/p>\n<p style=\"text-align: justify;\">Jedn\u0105 z miejscowych atrakcji jest niew\u0105tpliwie zaprzyja\u017aniona stadnina koni, kt\u00f3ra udost\u0119pnia turystom mo\u017cliwo\u015b\u0107 sp\u0119dzenia niezapomnianych chwil z tymi wspania\u0142ymi zwierz\u0119tami. W zale\u017cno\u015bci od umiej\u0119tno\u015bci mo\u017cna wybra\u0107 si\u0119 na przeja\u017cd\u017ck\u0119 wzd\u0142u\u017c wybrze\u017ca, lub dla mniej wprawnych, lub tych dla kt\u00f3rych mo\u017ce by\u0107 to pierwszy kontakt z koniem&#8230; sp\u0119dzenie czasu w stadninie, pod czujnym okiem mi\u0142ej i wykwalifikowanej obs\u0142ugi (rezerwacja termin\u00f3w pod telefonem 0504 837 903)<\/p>\n<p style=\"text-align: justify;\">Wieczorem, po pe\u0142nym wra\u017ce\u0144 dniu mo\u017cemy uda\u0107 si\u0119 z ca\u0142a rodzin\u0105 na ognisko, do przytulnej kafejki, lub jednego z licznych letnich ogr\u00f3dk\u00f3w, gdzie zjemy kie\u0142bask\u0119 z grilla, \u015bwie\u017c\u0105 rybk\u0119&#8230; i zapijemy to ulubionym napojem \ud83d\ude42<\/p>\n","protected":false},"excerpt":{"rendered":"<p>SIANO\u017b\u0118TY wraz z USTRONIEM MORSKIM to jedne z pi\u0119kniejszych miejscowo\u015bci uzdrowiskowych p\u00f3\u0142nocnej Polski. Oddalone o oko\u0142o 15 km od Ko\u0142obrzegu i 29 km od Koszalina oferuj\u0105 spok\u00f3j i odpoczynek od miejskiego zgie\u0142ku. Tury\u015bci przyje\u017cd\u017caj\u0105 tu przez ca\u0142y rok, aby podziwia\u0107 wyj\u0105tkowe krajobrazy, ws\u0142uchiwa\u0107 si\u0119 w szum morza i oddycha\u0107 powietrzem bogatym w biopierwiastki i jod &hellip; <a class=\"read-excerpt\" href=\"https:\/\/dimena.pl\/?page_id=11\">Continue reading <span class=\"meta-nav\">&raquo;<\/span><\/a><\/p>\n","protected":false},"author":1,"featured_media":0,"parent":0,"menu_order":0,"comment_status":"closed","ping_status":"closed","template":"","meta":{"ngg_post_thumbnail":0},"_links":{"self":[{"href":"https:\/\/dimena.pl\/index.php?rest_route=\/wp\/v2\/pages\/11"}],"collection":[{"href":"https:\/\/dimena.pl\/index.php?rest_route=\/wp\/v2\/pages"}],"about":[{"href":"https:\/\/dimena.pl\/index.php?rest_route=\/wp\/v2\/types\/page"}],"author":[{"embeddable":true,"href":"https:\/\/dimena.pl\/index.php?rest_route=\/wp\/v2\/users\/1"}],"replies":[{"embeddable":true,"href":"https:\/\/dimena.pl\/index.php?rest_route=%2Fwp%2Fv2%2Fcomments&post=11"}],"version-history":[{"count":3,"href":"https:\/\/dimena.pl\/index.php?rest_route=\/wp\/v2\/pages\/11\/revisions"}],"predecessor-version":[{"id":32,"href":"https:\/\/dimena.pl\/index.php?rest_route=\/wp\/v2\/pages\/11\/revisions\/32"}],"wp:attachment":[{"href":"https:\/\/dimena.pl\/index.php?rest_route=%2Fwp%2Fv2%2Fmedia&parent=11"}],"curies":[{"name":"wp","href":"https:\/\/api.w.org\/{rel}","templated":true}]}}