{"id":2,"date":"2013-01-31T19:30:09","date_gmt":"2013-01-31T18:30:09","guid":{"rendered":"http:\/\/dimena.pl\/?page_id=2"},"modified":"2020-05-11T20:51:37","modified_gmt":"2020-05-11T18:51:37","slug":"przykladowa-strona","status":"publish","type":"page","link":"https:\/\/dimena.pl\/","title":{"rendered":"Domki"},"content":{"rendered":"<p style=\"text-align: justify;\">Witamy na stronie domk\u00f3w letniskowych &#8222;Dimena&#8221; w Sino\u017c\u0119tach ko\u0142o Ustronia Morskiego. Serdecznie zapraszamy Pa\u0144stwa do sp\u0119dzenia upragnionego urlopu w spokojnym zak\u0105tku polskiego wybrze\u017ca, z dala od zgie\u0142ku codziennego \u017cycia i uci\u0105\u017cliwych g\u0142o\u015bnych &#8222;wczasowicz\u00f3w&#8221;.<\/p>\n<p style=\"text-align: justify;\">Domki &#8222;Dimena&#8221; umiejscowione s\u0105 w zacisznym i spokojnym miejscu Siano\u017c\u0119t, od morza dzieli je tylko 40 m pi\u0119knego bukowego lasu, zielonego latem, a we wrze\u015bniu i pa\u017adzierniku przybieraj\u0105cego fantastyczne jesienne kolory.<\/p>\n<p style=\"text-align: justify;\">Wypoczynek u nas, polecamy ca\u0142ym rodzinom, ogrodzony teren pozwala na wy\u0142\u0105czenie obawy o nasze ma\u0142e pociechy, zwierz\u0119ta domowe&#8230;. czy samochody. Na ka\u017cdy domek jest przewidziane miejsce parkingowe dla jednego samochodu, oczywi\u015bcie bezp\u0142atnie&#8230;. Aby do ko\u0144ca zapewni\u0107 komfort wypoczynku, nadmieniamy i\u017c, pla\u017ca w bezpo\u015brednim s\u0105siedztwie jest strze\u017cona, wi\u0119c i na pla\u017cy mo\u017cemy odda\u0107 si\u0119 b\u0142ogiemu odpoczynkowi, a dbanie o bezpiecze\u0144stwo na pla\u017cy zostawi\u0107 wykwalifikowanym ratownikom.<\/p>\n<p style=\"text-align: justify;\"><strong>Wn\u0119trze domk\u00f3w\u00a0Dimena podlega ozonowaniu &#8211; w celu poprawienia Pa\u0144stwa bezpiecze\u0144stwa, ka\u017cdorazowo po ka\u017cdej zmianie Go\u015bci wynajmuj\u0105cych domek.<\/strong><\/p>\n<p style=\"text-align: justify;\">Pla\u017ca&#8230; szeroka, czysta i piaszczysta zach\u0119ca po prostu do letniego wypoczynku, r\u00f3wnie\u017c tego aktywnego, nie tylko opalania. Przeja\u017cd\u017cki na bananie, skutery wodne, dmuchane zje\u017cd\u017calnie dla naszych najm\u0142odszych go\u015bci.. i szereg innych letnich atrakcji, sprzyja aktywnemu sp\u0119dzaniu czasu.<\/p>\n<p style=\"text-align: justify;\">Na granicy Siano\u017c\u0119t i Podczela usytuowane jest lotnisko, z kt\u00f3rego organizowane s\u0105 loty widokowe, i daje to niepowtarzaln\u0105 okazj\u0119 do poznania pi\u0119kna najbli\u017cszych okolic (Ko\u0142obrzeg, Podczele, Siano\u017c\u0119ty, Ustronie Morskie), podniebny spacer na pewno na d\u0142ugo pozostanie w Pa\u0144stwa pami\u0119ci&#8230;<\/p>\n<p><iframe loading=\"lazy\" src=\"https:\/\/www.youtube.com\/embed\/3Q0GH08pEbs?rel=0&amp;loop=1\" width=\"660\" height=\"400\" frameborder=\"0&quot;\" allowfullscreen=\"allowfullscreen\"><\/iframe><\/p>\n","protected":false},"excerpt":{"rendered":"<p>Witamy na stronie domk\u00f3w letniskowych &#8222;Dimena&#8221; w Sino\u017c\u0119tach ko\u0142o Ustronia Morskiego. Serdecznie zapraszamy Pa\u0144stwa do sp\u0119dzenia upragnionego urlopu w spokojnym zak\u0105tku polskiego wybrze\u017ca, z dala od zgie\u0142ku codziennego \u017cycia i uci\u0105\u017cliwych g\u0142o\u015bnych &#8222;wczasowicz\u00f3w&#8221;. Domki &#8222;Dimena&#8221; umiejscowione s\u0105 w zacisznym i spokojnym miejscu Siano\u017c\u0119t, od morza dzieli je tylko 40 m pi\u0119knego bukowego lasu, zielonego latem, &hellip; <a class=\"read-excerpt\" href=\"https:\/\/dimena.pl\/\">Continue reading <span class=\"meta-nav\">&raquo;<\/span><\/a><\/p>\n","protected":false},"author":1,"featured_media":0,"parent":0,"menu_order":0,"comment_status":"closed","ping_status":"closed","template":"","meta":{"ngg_post_thumbnail":0},"_links":{"self":[{"href":"https:\/\/dimena.pl\/index.php?rest_route=\/wp\/v2\/pages\/2"}],"collection":[{"href":"https:\/\/dimena.pl\/index.php?rest_route=\/wp\/v2\/pages"}],"about":[{"href":"https:\/\/dimena.pl\/index.php?rest_route=\/wp\/v2\/types\/page"}],"author":[{"embeddable":true,"href":"https:\/\/dimena.pl\/index.php?rest_route=\/wp\/v2\/users\/1"}],"replies":[{"embeddable":true,"href":"https:\/\/dimena.pl\/index.php?rest_route=%2Fwp%2Fv2%2Fcomments&post=2"}],"version-history":[{"count":9,"href":"https:\/\/dimena.pl\/index.php?rest_route=\/wp\/v2\/pages\/2\/revisions"}],"predecessor-version":[{"id":130,"href":"https:\/\/dimena.pl\/index.php?rest_route=\/wp\/v2\/pages\/2\/revisions\/130"}],"wp:attachment":[{"href":"https:\/\/dimena.pl\/index.php?rest_route=%2Fwp%2Fv2%2Fmedia&parent=2"}],"curies":[{"name":"wp","href":"https:\/\/api.w.org\/{rel}","templated":true}]}}