{"id":8,"date":"2013-01-31T22:40:02","date_gmt":"2013-01-31T21:40:02","guid":{"rendered":"http:\/\/dimena.pl\/?page_id=8"},"modified":"2025-12-16T12:08:33","modified_gmt":"2025-12-16T11:08:33","slug":"oferta","status":"publish","type":"page","link":"https:\/\/dimena.pl\/?page_id=8","title":{"rendered":"Oferta"},"content":{"rendered":"<p style=\"text-align: justify;\">Do dyspozycji naszych go\u015bci udost\u0119pniamy osiem domk\u00f3w, zbudowanych w ca\u0142o\u015bci z drewna. Ka\u017cdy z domk\u00f3w posiada dwie sypialnie. W jednej sypialni znajduje si\u0119 szerokie, wygodne (ma\u0142\u017ce\u0144skie) \u0142\u00f3\u017cko, w drugiej za\u015b dwa jednoosobowe tapczaniki, oczywi\u015bcie r\u00f3wnie wygodne, dodatkowo w saloniku znajduje si\u0119 dwuosobowa sk\u0142adana kanapa. Aneks kuchenny wyposa\u017cony jest w lod\u00f3wk\u0119, kuchenk\u0119 i czajnik elektryczny, radio i oczywi\u015bcie komplet naczy\u0144. W saloniku obok wspomnianego wcze\u015bniej dwuosobowego rozk\u0142adanego \u0142\u00f3\u017cka, jest st\u00f3\u0142 i krzes\u0142a, komoda z szufladami&#8230; i kolorowy telewizor. \u0141azienka w pe\u0142ni wyposa\u017cona (prysznic, umywalka i ubikacja).<br \/>\nDomki wyposa\u017cone w komplet pla\u017cowy (koce i parawan), grill i na zadaszonym tarasie przed domkiem st\u00f3\u0142 i krzes\u0142a.<\/p>\n<p style=\"text-align: justify;\"><strong>Wn\u0119trze domk\u00f3w&nbsp;Dimena podlega ozonowaniu &#8211; w celu poprawienia Pa\u0144stwa bezpiecze\u0144stwa, ka\u017cdorazowo po ka\u017cdej zmianie Go\u015bci wynajmuj\u0105cych domek.<\/strong><\/p>\n<p style=\"text-align: justify;\"><span style=\"color: #993300;\">Zwierz\u0119ta s\u0105 u nas mile widziane, jednak\u017ce dodatkowa op\u0142ata za pupila wynosi 20 z\u0142\/doba.<\/span><\/p>\n<p>REZERWACJE:<\/p>\n<p>prosz\u0119 dokonywa\u0107 telefonicznie pod nr. tel. 600 377 392<\/p>\n<p>Ma\u0142gorzata Go\u0142\u0105b&nbsp;ul. Promenada 3 , Siano\u017c\u0119ty, 78-111 Ustronie Morskie<\/p>\n<p>Bank PKO SA o\/Ko\u0142obrzeg<\/p>\n<p>nr. konta:&nbsp; 97 1240 6508 1111 0010 7451 0042<\/p>\n","protected":false},"excerpt":{"rendered":"<p>Do dyspozycji naszych go\u015bci udost\u0119pniamy osiem domk\u00f3w, zbudowanych w ca\u0142o\u015bci z drewna. Ka\u017cdy z domk\u00f3w posiada dwie sypialnie. W jednej sypialni znajduje si\u0119 szerokie, wygodne (ma\u0142\u017ce\u0144skie) \u0142\u00f3\u017cko, w drugiej za\u015b dwa jednoosobowe tapczaniki, oczywi\u015bcie r\u00f3wnie wygodne, dodatkowo w saloniku znajduje si\u0119 dwuosobowa sk\u0142adana kanapa. Aneks kuchenny wyposa\u017cony jest w lod\u00f3wk\u0119, kuchenk\u0119 i czajnik elektryczny, radio &hellip; <a class=\"read-excerpt\" href=\"https:\/\/dimena.pl\/?page_id=8\">Continue reading <span class=\"meta-nav\">&raquo;<\/span><\/a><\/p>\n","protected":false},"author":1,"featured_media":0,"parent":0,"menu_order":0,"comment_status":"closed","ping_status":"closed","template":"","meta":{"ngg_post_thumbnail":0},"_links":{"self":[{"href":"https:\/\/dimena.pl\/index.php?rest_route=\/wp\/v2\/pages\/8"}],"collection":[{"href":"https:\/\/dimena.pl\/index.php?rest_route=\/wp\/v2\/pages"}],"about":[{"href":"https:\/\/dimena.pl\/index.php?rest_route=\/wp\/v2\/types\/page"}],"author":[{"embeddable":true,"href":"https:\/\/dimena.pl\/index.php?rest_route=\/wp\/v2\/users\/1"}],"replies":[{"embeddable":true,"href":"https:\/\/dimena.pl\/index.php?rest_route=%2Fwp%2Fv2%2Fcomments&post=8"}],"version-history":[{"count":13,"href":"https:\/\/dimena.pl\/index.php?rest_route=\/wp\/v2\/pages\/8\/revisions"}],"predecessor-version":[{"id":145,"href":"https:\/\/dimena.pl\/index.php?rest_route=\/wp\/v2\/pages\/8\/revisions\/145"}],"wp:attachment":[{"href":"https:\/\/dimena.pl\/index.php?rest_route=%2Fwp%2Fv2%2Fmedia&parent=8"}],"curies":[{"name":"wp","href":"https:\/\/api.w.org\/{rel}","templated":true}]}}